{"id":362,"date":"2021-08-17T17:03:43","date_gmt":"2021-08-17T17:03:43","guid":{"rendered":"https:\/\/demo.athemes.com\/botiga\/?page_id=362"},"modified":"2025-09-18T18:36:04","modified_gmt":"2025-09-18T18:36:04","slug":"home-2","status":"publish","type":"page","link":"https:\/\/heshe.lawketing.pl\/","title":{"rendered":"Home"},"content":{"rendered":"\n<div id=\"athemes-blocks-block-487739dc\" class=\"wp-block-athemes-athemes-blocks-block-container athemes-blocks-block athemes-blocks-block-487739dc athemes-blocks-block-container alignfull\"><div class=\"athemes-blocks-block-container-wrapper athemes-blocks-block-container-bg-cover athemes-blocks-block-container-bg-effect-scroll\"><img class=\"athemes-blocks-background-image\" width=\"1536\" height=\"1024\" srcset=\"https:\/\/heshe.lawketing.pl\/wp-content\/uploads\/2025\/09\/ChatGPT-Image-10-wrz-2025-18_24_31-150x150.jpg 150w, https:\/\/heshe.lawketing.pl\/wp-content\/uploads\/2025\/09\/ChatGPT-Image-10-wrz-2025-18_24_31-300x200.jpg 300w, https:\/\/heshe.lawketing.pl\/wp-content\/uploads\/2025\/09\/ChatGPT-Image-10-wrz-2025-18_24_31-1024x683.jpg 1024w, https:\/\/heshe.lawketing.pl\/wp-content\/uploads\/2025\/09\/ChatGPT-Image-10-wrz-2025-18_24_31.jpg 1536w, \" sizes=\"(max-width: 1536px) 100vw, 1536px\" alt=\"\"\/><div class=\"athemes-blocks-block-container-wrapper-content\">\n<div class=\"wp-block-columns is-layout-flex wp-container-core-columns-is-layout-28f84493 wp-block-columns-is-layout-flex\">\n<div class=\"wp-block-column is-layout-flow wp-block-column-is-layout-flow\" style=\"flex-basis:66.66%\">\n<h2 class=\"wp-block-heading has-color-6-color has-text-color has-link-color has-extra-large-font-size wp-elements-1325cd47cb83d12a400e917f80b20b0f\">Odwa\u017cne, eleganckie i ponadczasowe.<\/h2>\n\n\n\n<p class=\"has-text-align-left has-color-6-color has-text-color has-link-color wp-elements-19b8139330a33c80638c6201ad7382ef\">Jeans w nowej ods\u0142onie \u2013 garnitury, marynarki i smokingi HeShe Warsaw.<\/p>\n\n\n\n<div class=\"wp-block-buttons is-layout-flex wp-block-buttons-is-layout-flex\">\n<div class=\"wp-block-button\"><a class=\"wp-block-button__link wp-element-button\">Kup teraz<\/a><\/div>\n<\/div>\n<\/div>\n\n\n\n<div class=\"wp-block-column is-layout-flow wp-block-column-is-layout-flow\" style=\"flex-basis:33.33%\"><\/div>\n<\/div>\n<\/div><\/div><\/div>\n\n\n\n<div style=\"height:100px\" aria-hidden=\"true\" class=\"wp-block-spacer\"><\/div>\n\n\n\n<h3 class=\"wp-block-heading has-text-align-center\">Garnitury jeansowe \u2013 nowy wymiar klasyki.<\/h3>\n\n\n\n<p class=\"has-text-align-center\">Po\u0142\u0105czenie elegancji i swobody. Wybierz model, kt\u00f3ry podkre\u015bli Tw\u00f3j styl.<\/p>\n\n\n<div data-block-name=\"woocommerce\/product-new\" data-content-visibility=\"{&quot;title&quot;:true,&quot;price&quot;:true,&quot;rating&quot;:false,&quot;button&quot;:true}\" data-rows=\"1\" class=\"wc-block-grid wp-block-product-new wp-block-woocommerce-product-new wc-block-product-new has-3-columns\"><ul class=\"wc-block-grid__products\"><li class=\"wc-block-grid__product product-grid \">\n\t\t\t\t<div class=\"loop-image-wrap botiga-add-to-cart-button-layout2 botiga-quick-view-button-layout2\">\n\t\t\t\t\t<a href=\"https:\/\/heshe.lawketing.pl\/?product=eternal-sunset-collection-lip-and-cheek-set-with-jojoba-oil\" class=\"wc-block-grid__product-link\" title=\"Wybierz opcje\">\n\t\t\t\t\t\t<div class=\"wc-block-grid__product-image\"><img loading=\"lazy\" decoding=\"async\" width=\"420\" height=\"576\" src=\"https:\/\/heshe.lawketing.pl\/wp-content\/uploads\/2021\/07\/granitur-jeansowy-1-420x576.jpg\" class=\"attachment-woocommerce_thumbnail size-woocommerce_thumbnail\" alt=\"Garnitur Jeansowy Duis Mollis\" srcset=\"https:\/\/heshe.lawketing.pl\/wp-content\/uploads\/2021\/07\/granitur-jeansowy-1-420x576.jpg 420w, https:\/\/heshe.lawketing.pl\/wp-content\/uploads\/2021\/07\/granitur-jeansowy-1-219x300.jpg 219w, https:\/\/heshe.lawketing.pl\/wp-content\/uploads\/2021\/07\/granitur-jeansowy-1-747x1024.jpg 747w, https:\/\/heshe.lawketing.pl\/wp-content\/uploads\/2021\/07\/granitur-jeansowy-1-768x1052.jpg 768w, https:\/\/heshe.lawketing.pl\/wp-content\/uploads\/2021\/07\/granitur-jeansowy-1-575x788.jpg 575w, https:\/\/heshe.lawketing.pl\/wp-content\/uploads\/2021\/07\/granitur-jeansowy-1-380x521.jpg 380w, https:\/\/heshe.lawketing.pl\/wp-content\/uploads\/2021\/07\/granitur-jeansowy-1-800x1096.jpg 800w, https:\/\/heshe.lawketing.pl\/wp-content\/uploads\/2021\/07\/granitur-jeansowy-1-73x100.jpg 73w, https:\/\/heshe.lawketing.pl\/wp-content\/uploads\/2021\/07\/granitur-jeansowy-1.jpg 864w\" sizes=\"auto, (max-width: 420px) 100vw, 420px\" \/><\/div>\n\t\t\t\t\t<\/a>\n\t<a href=\"#\" class=\"button botiga-quick-view-show-on-hover botiga-quick-view botiga-quick-view-layout2\" aria-label=\"Szybki podgl\u0105d produktu Garnitur Jeansowy Duis Mollis\" data-product-id=\"97\" data-nonce=\"25dfd0965c\">\n\t\tSzybki podgl\u0105d\t<\/a>\n\t<\/div><a href=\"https:\/\/heshe.lawketing.pl\/?product=eternal-sunset-collection-lip-and-cheek-set-with-jojoba-oil\" class=\"wc-block-grid__product-link\">\n\t\t\t\t\t<div class=\"wc-block-grid__product-title\">Garnitur Jeansowy Duis Mollis<\/div>\n\t\t\t\t<\/a><div class=\"wc-block-grid__product-price price\"><span class=\"woocommerce-Price-amount amount\">900.00<span class=\"woocommerce-Price-currencySymbol\">&#122;&#322;<\/span><\/span><\/div><div class=\"wp-block-button wc-block-grid__product-add-to-cart\"><div class=\"loop-button-wrap button-width-auto button-layout2 \"><a href=\"https:\/\/heshe.lawketing.pl\/?product=eternal-sunset-collection-lip-and-cheek-set-with-jojoba-oil\" aria-label=\"Wybierz opcje dla &bdquo;Garnitur Jeansowy Duis Mollis&rdquo;\" data-quantity=\"1\" data-product_id=\"97\" data-product_sku=\"\" rel=\"nofollow\" class=\"button wp-block-button__link add_to_cart_button\">Wybierz opcje<\/a><\/div><\/div><\/li><li class=\"wc-block-grid__product product-grid \">\n\t\t\t\t<div class=\"loop-image-wrap botiga-add-to-cart-button-layout2 botiga-quick-view-button-layout2\">\n\t\t\t\t\t<a href=\"https:\/\/heshe.lawketing.pl\/?product=vinopure-pore-purifying-gel-cleanser-salicylic-acid-combination\" class=\"wc-block-grid__product-link\" title=\"Dodaj do koszyka\">\n\t\t\t\t\t\t<div class=\"wc-block-grid__product-image\"><img loading=\"lazy\" decoding=\"async\" width=\"420\" height=\"576\" src=\"https:\/\/heshe.lawketing.pl\/wp-content\/uploads\/2021\/07\/granitur-jeansowy-5-420x576.jpg\" class=\"attachment-woocommerce_thumbnail size-woocommerce_thumbnail\" alt=\"Garnitur Jeansowy interdum\" srcset=\"https:\/\/heshe.lawketing.pl\/wp-content\/uploads\/2021\/07\/granitur-jeansowy-5-420x576.jpg 420w, https:\/\/heshe.lawketing.pl\/wp-content\/uploads\/2021\/07\/granitur-jeansowy-5-219x300.jpg 219w, https:\/\/heshe.lawketing.pl\/wp-content\/uploads\/2021\/07\/granitur-jeansowy-5-747x1024.jpg 747w, https:\/\/heshe.lawketing.pl\/wp-content\/uploads\/2021\/07\/granitur-jeansowy-5-768x1052.jpg 768w, https:\/\/heshe.lawketing.pl\/wp-content\/uploads\/2021\/07\/granitur-jeansowy-5-575x788.jpg 575w, https:\/\/heshe.lawketing.pl\/wp-content\/uploads\/2021\/07\/granitur-jeansowy-5-380x521.jpg 380w, https:\/\/heshe.lawketing.pl\/wp-content\/uploads\/2021\/07\/granitur-jeansowy-5-800x1096.jpg 800w, https:\/\/heshe.lawketing.pl\/wp-content\/uploads\/2021\/07\/granitur-jeansowy-5-73x100.jpg 73w, https:\/\/heshe.lawketing.pl\/wp-content\/uploads\/2021\/07\/granitur-jeansowy-5.jpg 864w\" sizes=\"auto, (max-width: 420px) 100vw, 420px\" \/><\/div>\n\t\t\t\t\t<\/a>\n\t<a href=\"#\" class=\"button botiga-quick-view-show-on-hover botiga-quick-view botiga-quick-view-layout2\" aria-label=\"Szybki podgl\u0105d produktu Garnitur Jeansowy interdum\" data-product-id=\"96\" data-nonce=\"25dfd0965c\">\n\t\tSzybki podgl\u0105d\t<\/a>\n\t<\/div><a href=\"https:\/\/heshe.lawketing.pl\/?product=vinopure-pore-purifying-gel-cleanser-salicylic-acid-combination\" class=\"wc-block-grid__product-link\">\n\t\t\t\t\t<div class=\"wc-block-grid__product-title\">Garnitur Jeansowy interdum<\/div>\n\t\t\t\t<\/a><div class=\"wc-block-grid__product-price price\"><span class=\"woocommerce-Price-amount amount\">900.00<span class=\"woocommerce-Price-currencySymbol\">&#122;&#322;<\/span><\/span><\/div><div class=\"wp-block-button wc-block-grid__product-add-to-cart\"><div class=\"loop-button-wrap button-width-auto button-layout2 \"><a href=\"\/index.php?rest_route=%2Fwp%2Fv2%2Fpages%2F362&#038;add-to-cart=96\" aria-label=\"Dodaj do koszyka: &bdquo;Garnitur Jeansowy interdum&rdquo;\" data-quantity=\"1\" data-product_id=\"96\" data-product_sku=\"\" rel=\"nofollow\" class=\"button wp-block-button__link add_to_cart_button ajax_add_to_cart\">Dodaj do koszyka<\/a><\/div><\/div><\/li><li class=\"wc-block-grid__product product-grid \">\n\t\t\t\t<div class=\"loop-image-wrap botiga-add-to-cart-button-layout2 botiga-quick-view-button-layout2\">\n\t\t\t\t\t<a href=\"https:\/\/heshe.lawketing.pl\/?product=deep-sweep-2-bha-pore-cleaning-toner-with-moringa\" class=\"wc-block-grid__product-link\" title=\"Dodaj do koszyka\">\n\t\t\t\t\t\t<div class=\"wc-block-grid__product-image\"><img loading=\"lazy\" decoding=\"async\" width=\"420\" height=\"576\" src=\"https:\/\/heshe.lawketing.pl\/wp-content\/uploads\/2021\/07\/granitur-jeansowy-6-420x576.jpg\" class=\"attachment-woocommerce_thumbnail size-woocommerce_thumbnail\" alt=\"Garnitur Jeansowy faucibus\" srcset=\"https:\/\/heshe.lawketing.pl\/wp-content\/uploads\/2021\/07\/granitur-jeansowy-6-420x576.jpg 420w, https:\/\/heshe.lawketing.pl\/wp-content\/uploads\/2021\/07\/granitur-jeansowy-6-219x300.jpg 219w, https:\/\/heshe.lawketing.pl\/wp-content\/uploads\/2021\/07\/granitur-jeansowy-6-747x1024.jpg 747w, https:\/\/heshe.lawketing.pl\/wp-content\/uploads\/2021\/07\/granitur-jeansowy-6-768x1052.jpg 768w, https:\/\/heshe.lawketing.pl\/wp-content\/uploads\/2021\/07\/granitur-jeansowy-6-575x788.jpg 575w, https:\/\/heshe.lawketing.pl\/wp-content\/uploads\/2021\/07\/granitur-jeansowy-6-380x521.jpg 380w, https:\/\/heshe.lawketing.pl\/wp-content\/uploads\/2021\/07\/granitur-jeansowy-6-800x1096.jpg 800w, https:\/\/heshe.lawketing.pl\/wp-content\/uploads\/2021\/07\/granitur-jeansowy-6-73x100.jpg 73w, https:\/\/heshe.lawketing.pl\/wp-content\/uploads\/2021\/07\/granitur-jeansowy-6.jpg 864w\" sizes=\"auto, (max-width: 420px) 100vw, 420px\" \/><\/div>\n\t\t\t\t\t<\/a>\n\t<a href=\"#\" class=\"button botiga-quick-view-show-on-hover botiga-quick-view botiga-quick-view-layout2\" aria-label=\"Szybki podgl\u0105d produktu Garnitur Jeansowy faucibus\" data-product-id=\"95\" data-nonce=\"25dfd0965c\">\n\t\tSzybki podgl\u0105d\t<\/a>\n\t<\/div><a href=\"https:\/\/heshe.lawketing.pl\/?product=deep-sweep-2-bha-pore-cleaning-toner-with-moringa\" class=\"wc-block-grid__product-link\">\n\t\t\t\t\t<div class=\"wc-block-grid__product-title\">Garnitur Jeansowy faucibus<\/div>\n\t\t\t\t<\/a><div class=\"wc-block-grid__product-price price\"><span class=\"woocommerce-Price-amount amount\">900.00<span class=\"woocommerce-Price-currencySymbol\">&#122;&#322;<\/span><\/span><\/div><div class=\"wp-block-button wc-block-grid__product-add-to-cart\"><div class=\"loop-button-wrap button-width-auto button-layout2 \"><a href=\"\/index.php?rest_route=%2Fwp%2Fv2%2Fpages%2F362&#038;add-to-cart=95\" aria-label=\"Dodaj do koszyka: &bdquo;Garnitur Jeansowy faucibus&rdquo;\" data-quantity=\"1\" data-product_id=\"95\" data-product_sku=\"\" rel=\"nofollow\" class=\"button wp-block-button__link add_to_cart_button ajax_add_to_cart\">Dodaj do koszyka<\/a><\/div><\/div><\/li><\/ul><\/div>\n\n\n<div style=\"height:100px\" aria-hidden=\"true\" class=\"wp-block-spacer\"><\/div>\n\n\n\n<div id=\"athemes-blocks-block-0a31773e\" class=\"wp-block-athemes-athemes-blocks-block-container athemes-blocks-block athemes-blocks-block-0a31773e athemes-blocks-block-container alignfull\"><div class=\"athemes-blocks-block-container-wrapper athemes-blocks-block-container-bg-cover athemes-blocks-block-container-bg-effect-scroll\"><img class=\"athemes-blocks-background-image\" width=\"1536\" height=\"1024\" srcset=\"https:\/\/heshe.lawketing.pl\/wp-content\/uploads\/2025\/09\/ChatGPT-Image-10-wrz-2025-18_21_25-150x150.jpg 150w, https:\/\/heshe.lawketing.pl\/wp-content\/uploads\/2025\/09\/ChatGPT-Image-10-wrz-2025-18_21_25-300x200.jpg 300w, https:\/\/heshe.lawketing.pl\/wp-content\/uploads\/2025\/09\/ChatGPT-Image-10-wrz-2025-18_21_25-1024x683.jpg 1024w, https:\/\/heshe.lawketing.pl\/wp-content\/uploads\/2025\/09\/ChatGPT-Image-10-wrz-2025-18_21_25.jpg 1536w, \" sizes=\"auto, (max-width: 1536px) 100vw, 1536px\" alt=\"\" loading=\"lazy\"\/><div class=\"athemes-blocks-block-container-wrapper-content\">\n<h3 class=\"wp-block-heading has-text-align-center has-color-6-color has-text-color has-link-color wp-elements-d57fb83dc8558b17cf3c278179aaabbd\">Garnitur Jeansowy<\/h3>\n\n\n\n<p class=\"has-text-align-center has-color-6-color has-text-color has-link-color wp-elements-692fe38c46592c6f5c4a194fa8a73a85\">Garnitur uszyty z&nbsp;jeansu o&nbsp;grubszej strukturze, sko\u015bnym splocie, w&nbsp;kolorze ciemno-granatowym.<\/p>\n\n\n\n<div class=\"wp-block-buttons is-horizontal is-content-justification-center is-layout-flex wp-container-core-buttons-is-layout-03627597 wp-block-buttons-is-layout-flex\">\n<div class=\"wp-block-button\"><a class=\"wp-block-button__link wp-element-button\">Kup teraz<\/a><\/div>\n<\/div>\n<\/div><\/div><\/div>\n\n\n\n<div style=\"height:100px\" aria-hidden=\"true\" class=\"wp-block-spacer\"><\/div>\n\n\n\n<h3 class=\"wp-block-heading has-text-align-center\">Odkryj kolekcj\u0119 HeShe Warsaw<\/h3>\n\n\n\n<p class=\"has-text-align-center\">Unikalne garnitury, marynarki i jeansy z kantem \u2013 elegancja w nowoczesnym wydaniu.<\/p>\n\n\n\n<div class=\"wp-block-columns is-layout-flex wp-container-core-columns-is-layout-28f84493 wp-block-columns-is-layout-flex\">\n<div class=\"wp-block-column is-layout-flow wp-block-column-is-layout-flow\"><div class=\"wp-block-image\">\n<figure class=\"aligncenter size-full\"><img loading=\"lazy\" decoding=\"async\" width=\"1024\" height=\"1024\" src=\"https:\/\/heshe.lawketing.pl\/wp-content\/uploads\/2025\/09\/simage.jpg\" alt=\"\" class=\"wp-image-434\" srcset=\"https:\/\/heshe.lawketing.pl\/wp-content\/uploads\/2025\/09\/simage.jpg 1024w, https:\/\/heshe.lawketing.pl\/wp-content\/uploads\/2025\/09\/simage-300x300.jpg 300w, https:\/\/heshe.lawketing.pl\/wp-content\/uploads\/2025\/09\/simage-150x150.jpg 150w, https:\/\/heshe.lawketing.pl\/wp-content\/uploads\/2025\/09\/simage-768x768.jpg 768w, https:\/\/heshe.lawketing.pl\/wp-content\/uploads\/2025\/09\/simage-920x920.jpg 920w, https:\/\/heshe.lawketing.pl\/wp-content\/uploads\/2025\/09\/simage-575x575.jpg 575w, https:\/\/heshe.lawketing.pl\/wp-content\/uploads\/2025\/09\/simage-380x380.jpg 380w, https:\/\/heshe.lawketing.pl\/wp-content\/uploads\/2025\/09\/simage-420x420.jpg 420w, https:\/\/heshe.lawketing.pl\/wp-content\/uploads\/2025\/09\/simage-800x800.jpg 800w, https:\/\/heshe.lawketing.pl\/wp-content\/uploads\/2025\/09\/simage-100x100.jpg 100w, https:\/\/heshe.lawketing.pl\/wp-content\/uploads\/2025\/09\/simage-80x80.jpg 80w\" sizes=\"auto, (max-width: 1024px) 100vw, 1024px\" \/><\/figure><\/div>\n\n\n<p class=\"has-text-align-center\">Garnitury<\/p>\n<\/div>\n\n\n\n<div class=\"wp-block-column is-layout-flow wp-block-column-is-layout-flow\"><div class=\"wp-block-image\">\n<figure class=\"aligncenter size-full\"><img loading=\"lazy\" decoding=\"async\" width=\"1024\" height=\"1024\" src=\"https:\/\/heshe.lawketing.pl\/wp-content\/uploads\/2025\/09\/ChatGPT-Image-10-wrz-2025-18_31_02.jpg\" alt=\"\" class=\"wp-image-429\" srcset=\"https:\/\/heshe.lawketing.pl\/wp-content\/uploads\/2025\/09\/ChatGPT-Image-10-wrz-2025-18_31_02.jpg 1024w, https:\/\/heshe.lawketing.pl\/wp-content\/uploads\/2025\/09\/ChatGPT-Image-10-wrz-2025-18_31_02-300x300.jpg 300w, https:\/\/heshe.lawketing.pl\/wp-content\/uploads\/2025\/09\/ChatGPT-Image-10-wrz-2025-18_31_02-150x150.jpg 150w, https:\/\/heshe.lawketing.pl\/wp-content\/uploads\/2025\/09\/ChatGPT-Image-10-wrz-2025-18_31_02-768x768.jpg 768w, https:\/\/heshe.lawketing.pl\/wp-content\/uploads\/2025\/09\/ChatGPT-Image-10-wrz-2025-18_31_02-920x920.jpg 920w, https:\/\/heshe.lawketing.pl\/wp-content\/uploads\/2025\/09\/ChatGPT-Image-10-wrz-2025-18_31_02-575x575.jpg 575w, https:\/\/heshe.lawketing.pl\/wp-content\/uploads\/2025\/09\/ChatGPT-Image-10-wrz-2025-18_31_02-380x380.jpg 380w, https:\/\/heshe.lawketing.pl\/wp-content\/uploads\/2025\/09\/ChatGPT-Image-10-wrz-2025-18_31_02-420x420.jpg 420w, https:\/\/heshe.lawketing.pl\/wp-content\/uploads\/2025\/09\/ChatGPT-Image-10-wrz-2025-18_31_02-800x800.jpg 800w, https:\/\/heshe.lawketing.pl\/wp-content\/uploads\/2025\/09\/ChatGPT-Image-10-wrz-2025-18_31_02-100x100.jpg 100w, https:\/\/heshe.lawketing.pl\/wp-content\/uploads\/2025\/09\/ChatGPT-Image-10-wrz-2025-18_31_02-80x80.jpg 80w\" sizes=\"auto, (max-width: 1024px) 100vw, 1024px\" \/><\/figure><\/div>\n\n\n<p class=\"has-text-align-center\">Marynarki<\/p>\n<\/div>\n\n\n\n<div class=\"wp-block-column is-layout-flow wp-block-column-is-layout-flow\"><div class=\"wp-block-image\">\n<figure class=\"aligncenter size-full\"><img loading=\"lazy\" decoding=\"async\" width=\"1024\" height=\"1024\" src=\"https:\/\/heshe.lawketing.pl\/wp-content\/uploads\/2025\/09\/ChatGPT-Image-10-wrz-2025-18_48_18.jpg\" alt=\"\" class=\"wp-image-430\" srcset=\"https:\/\/heshe.lawketing.pl\/wp-content\/uploads\/2025\/09\/ChatGPT-Image-10-wrz-2025-18_48_18.jpg 1024w, https:\/\/heshe.lawketing.pl\/wp-content\/uploads\/2025\/09\/ChatGPT-Image-10-wrz-2025-18_48_18-300x300.jpg 300w, https:\/\/heshe.lawketing.pl\/wp-content\/uploads\/2025\/09\/ChatGPT-Image-10-wrz-2025-18_48_18-150x150.jpg 150w, https:\/\/heshe.lawketing.pl\/wp-content\/uploads\/2025\/09\/ChatGPT-Image-10-wrz-2025-18_48_18-768x768.jpg 768w, https:\/\/heshe.lawketing.pl\/wp-content\/uploads\/2025\/09\/ChatGPT-Image-10-wrz-2025-18_48_18-920x920.jpg 920w, https:\/\/heshe.lawketing.pl\/wp-content\/uploads\/2025\/09\/ChatGPT-Image-10-wrz-2025-18_48_18-575x575.jpg 575w, https:\/\/heshe.lawketing.pl\/wp-content\/uploads\/2025\/09\/ChatGPT-Image-10-wrz-2025-18_48_18-380x380.jpg 380w, https:\/\/heshe.lawketing.pl\/wp-content\/uploads\/2025\/09\/ChatGPT-Image-10-wrz-2025-18_48_18-420x420.jpg 420w, https:\/\/heshe.lawketing.pl\/wp-content\/uploads\/2025\/09\/ChatGPT-Image-10-wrz-2025-18_48_18-800x800.jpg 800w, https:\/\/heshe.lawketing.pl\/wp-content\/uploads\/2025\/09\/ChatGPT-Image-10-wrz-2025-18_48_18-100x100.jpg 100w, https:\/\/heshe.lawketing.pl\/wp-content\/uploads\/2025\/09\/ChatGPT-Image-10-wrz-2025-18_48_18-80x80.jpg 80w\" sizes=\"auto, (max-width: 1024px) 100vw, 1024px\" \/><\/figure><\/div>\n\n\n<p class=\"has-text-align-center\">Jeansy z kantem<\/p>\n<\/div>\n\n\n\n<div class=\"wp-block-column is-layout-flow wp-block-column-is-layout-flow\"><div class=\"wp-block-image\">\n<figure class=\"aligncenter size-large\"><img loading=\"lazy\" decoding=\"async\" width=\"848\" height=\"1024\" src=\"https:\/\/heshe.lawketing.pl\/wp-content\/uploads\/2025\/09\/Gemini_Generated_Image_m3fctm3fctm3fctm-848x1024.jpg\" alt=\"\" class=\"wp-image-431\" style=\"aspect-ratio:1;object-fit:cover\"\/><\/figure><\/div>\n\n\n<p class=\"has-text-align-center\">Smokingi jeans<\/p>\n<\/div>\n<\/div>\n\n\n\n<div style=\"height:90px\" aria-hidden=\"true\" class=\"wp-block-spacer\"><\/div>\n\n\n\n<p><\/p>\n","protected":false},"excerpt":{"rendered":"<p>Garnitury jeansowe \u2013 nowy wymiar klasyki. Po\u0142\u0105czenie elegancji i swobody. Wybierz model, kt\u00f3ry podkre\u015bli Tw\u00f3j styl. Odkryj kolekcj\u0119 HeShe Warsaw Unikalne garnitury, marynarki i jeansy z kantem \u2013 elegancja w [&hellip;]<\/p>\n","protected":false},"author":1,"featured_media":0,"parent":0,"menu_order":0,"comment_status":"closed","ping_status":"closed","template":"","meta":{"footnotes":""},"class_list":["post-362","page","type-page","status-publish","hentry"],"_links":{"self":[{"href":"https:\/\/heshe.lawketing.pl\/index.php?rest_route=\/wp\/v2\/pages\/362","targetHints":{"allow":["GET"]}}],"collection":[{"href":"https:\/\/heshe.lawketing.pl\/index.php?rest_route=\/wp\/v2\/pages"}],"about":[{"href":"https:\/\/heshe.lawketing.pl\/index.php?rest_route=\/wp\/v2\/types\/page"}],"author":[{"embeddable":true,"href":"https:\/\/heshe.lawketing.pl\/index.php?rest_route=\/wp\/v2\/users\/1"}],"replies":[{"embeddable":true,"href":"https:\/\/heshe.lawketing.pl\/index.php?rest_route=%2Fwp%2Fv2%2Fcomments&post=362"}],"version-history":[{"count":11,"href":"https:\/\/heshe.lawketing.pl\/index.php?rest_route=\/wp\/v2\/pages\/362\/revisions"}],"predecessor-version":[{"id":483,"href":"https:\/\/heshe.lawketing.pl\/index.php?rest_route=\/wp\/v2\/pages\/362\/revisions\/483"}],"wp:attachment":[{"href":"https:\/\/heshe.lawketing.pl\/index.php?rest_route=%2Fwp%2Fv2%2Fmedia&parent=362"}],"curies":[{"name":"wp","href":"https:\/\/api.w.org\/{rel}","templated":true}]}}